{"id":80,"date":"2025-04-29T22:45:56","date_gmt":"2025-04-30T01:45:56","guid":{"rendered":"https:\/\/guardamaisbarueri.com.br\/?page_id=80"},"modified":"2025-08-12T21:59:45","modified_gmt":"2025-08-13T00:59:45","slug":"80-2","status":"publish","type":"page","link":"https:\/\/guardamaisbarueri.com.br\/?page_id=80","title":{"rendered":"Servi\u00e7os"},"content":{"rendered":"\n<div class=\"wp-block-group fotawp-portfolio-section has-background-background-color has-background is-layout-constrained wp-container-core-group-is-layout-411c8206 wp-block-group-is-layout-constrained\" style=\"margin-top:0;margin-bottom:0;padding-top:0;padding-right:0;padding-bottom:0;padding-left:0\">\n<div class=\"wp-block-group is-layout-constrained wp-container-core-group-is-layout-402104d6 wp-block-group-is-layout-constrained\" style=\"margin-top:0;margin-bottom:0;padding-top:120px;padding-right:var(--wp--preset--spacing--40);padding-bottom:100px;padding-left:var(--wp--preset--spacing--40)\">\n<div class=\"wp-block-group is-nowrap is-layout-flex wp-container-core-group-is-layout-6c531013 wp-block-group-is-layout-flex\">\n<div class=\"wp-block-group has-accent-lite-background-color has-background is-layout-constrained wp-container-core-group-is-layout-9d62f0e3 wp-block-group-is-layout-constrained\" style=\"border-radius:5px;padding-top:5px;padding-right:16px;padding-bottom:5px;padding-left:16px\">\n<h5 class=\"wp-block-heading has-primary-color has-text-color has-link-color has-small-font-size wp-elements-f08862252d7ddba6e2102d8a027051f4\">Servi\u00e7os<\/h5>\n<\/div>\n<\/div>\n\n\n\n<div class=\"wp-block-columns are-vertically-aligned-top fotawp-projects-columns is-layout-flex wp-container-core-columns-is-layout-c2763889 wp-block-columns-is-layout-flex\" style=\"padding-top:0;padding-bottom:0\">\n<div class=\"wp-block-column is-vertically-aligned-top fotawp-fade-up is-layout-flow wp-block-column-is-layout-flow\" style=\"border-right-color:var(--wp--preset--color--tertiary-light);border-right-width:1px;padding-right:70px\">\n<h1 class=\"wp-block-heading has-heading-color-color has-text-color\" style=\"font-size:32px;font-style:normal;font-weight:600;line-height:1.4;text-transform:capitalize\">Solu\u00e7\u00f5es inteligentes para quem precisa de mais espa\u00e7o em Barueri<\/h1>\n\n\n\n<p class=\"has-foreground-color has-text-color\" style=\"font-size:18px;line-height:1.5\">Conhe\u00e7a nossos servi\u00e7os de self storage e guarda m\u00f3veis com seguran\u00e7a, flexibilidade e o suporte de quem entende do assunto.<\/p>\n\n\n\n<figure class=\"wp-block-image size-full has-custom-border fotawp-flip-up\"><img loading=\"lazy\" decoding=\"async\" width=\"2119\" height=\"2560\" src=\"https:\/\/guardamaisbarueri.com.br\/wp-content\/uploads\/2025\/04\/banner-servicos-scaled.png\" alt=\"\" class=\"wp-image-86\" style=\"border-radius:0px;object-fit:cover\" srcset=\"https:\/\/guardamaisbarueri.com.br\/wp-content\/uploads\/2025\/04\/banner-servicos-scaled.png 2119w, https:\/\/guardamaisbarueri.com.br\/wp-content\/uploads\/2025\/04\/banner-servicos-248x300.png 248w, https:\/\/guardamaisbarueri.com.br\/wp-content\/uploads\/2025\/04\/banner-servicos-847x1024.png 847w, https:\/\/guardamaisbarueri.com.br\/wp-content\/uploads\/2025\/04\/banner-servicos-768x928.png 768w, https:\/\/guardamaisbarueri.com.br\/wp-content\/uploads\/2025\/04\/banner-servicos-1271x1536.png 1271w, https:\/\/guardamaisbarueri.com.br\/wp-content\/uploads\/2025\/04\/banner-servicos-1695x2048.png 1695w\" sizes=\"auto, (max-width: 2119px) 100vw, 2119px\" \/><\/figure>\n<\/div>\n\n\n\n<div class=\"wp-block-column is-vertically-aligned-top fotawp-fade-up is-layout-flow wp-block-column-is-layout-flow\" style=\"padding-left:70px\">\n<figure class=\"wp-block-image size-full has-custom-border fotawp-flip-up\"><img loading=\"lazy\" decoding=\"async\" width=\"2119\" height=\"2560\" src=\"https:\/\/guardamaisbarueri.com.br\/wp-content\/uploads\/2025\/04\/banner-servicos-2-scaled.png\" alt=\"\" class=\"wp-image-87\" style=\"border-radius:0px\" srcset=\"https:\/\/guardamaisbarueri.com.br\/wp-content\/uploads\/2025\/04\/banner-servicos-2-scaled.png 2119w, https:\/\/guardamaisbarueri.com.br\/wp-content\/uploads\/2025\/04\/banner-servicos-2-248x300.png 248w, https:\/\/guardamaisbarueri.com.br\/wp-content\/uploads\/2025\/04\/banner-servicos-2-847x1024.png 847w, https:\/\/guardamaisbarueri.com.br\/wp-content\/uploads\/2025\/04\/banner-servicos-2-768x928.png 768w, https:\/\/guardamaisbarueri.com.br\/wp-content\/uploads\/2025\/04\/banner-servicos-2-1271x1536.png 1271w, https:\/\/guardamaisbarueri.com.br\/wp-content\/uploads\/2025\/04\/banner-servicos-2-1695x2048.png 1695w\" sizes=\"auto, (max-width: 2119px) 100vw, 2119px\" \/><\/figure>\n\n\n\n<h1 class=\"wp-block-heading has-heading-color-color has-text-color\" style=\"margin-top:60px;font-size:32px;font-style:normal;font-weight:600;line-height:1.4\">Guarde seus m\u00f3veis e objetos com praticidade, seguran\u00e7a e contratos sem burocracia.<\/h1>\n\n\n\n<p class=\"has-foreground-color has-text-color\" style=\"font-size:18px;line-height:1.5\">Armazene seus itens pessoais ou empresariais em boxes seguros e com acesso exclusivo. Ideal para documentos, estoques, arquivos, roupas, eletros e mais.<\/p>\n<\/div>\n<\/div>\n<\/div>\n<\/div>\n\n\n\n<div class=\"wp-block-group is-layout-constrained wp-block-group-is-layout-constrained\" style=\"margin-top:0;margin-bottom:0\">\n<div class=\"wp-block-cover\" style=\"min-height:350px;aspect-ratio:unset;\"><img decoding=\"async\" class=\"wp-block-cover__image-background wp-image-6302\" alt=\"\" src=\"https:\/\/guardamaisbarueri.com.br\/wp-content\/themes\/targetify\/assets\/images\/cta_bg.jpg\" data-object-fit=\"cover\"\/><span aria-hidden=\"true\" class=\"wp-block-cover__background has-primary-background-color has-background-dim-90 has-background-dim\"><\/span><div class=\"wp-block-cover__inner-container is-layout-constrained wp-block-cover-is-layout-constrained\">\n<div class=\"wp-block-group is-layout-constrained wp-container-core-group-is-layout-c2169e02 wp-block-group-is-layout-constrained\" style=\"padding-right:var(--wp--preset--spacing--50);padding-left:var(--wp--preset--spacing--50)\">\n<h1 class=\"wp-block-heading has-text-align-center fotawp-flip-up\" style=\"font-size:60px;font-style:normal;font-weight:500;line-height:1.2\">Espa\u00e7o sob medida, simples e sem complica\u00e7\u00e3o<\/h1>\n\n\n\n<p class=\"has-text-align-center fotawp-fade-up has-medium-font-size\" style=\"line-height:1.5\">Oferecemos boxes de diversos tamanhos, que se adaptam \u00e0 sua necessidade e podem ser ajustados sempre que quiser  tudo com acesso facilitado, seguran\u00e7a 24 horas e zero burocracia.<br><strong>Do seu jeito, no seu tempo. Armazenar ficou simples.<\/strong><\/p>\n\n\n\n<div class=\"wp-block-buttons is-content-justification-center is-layout-flex wp-container-core-buttons-is-layout-a89b3969 wp-block-buttons-is-layout-flex\">\n<div class=\"wp-block-button is-style-button-hover-primary-bgcolor\"><a class=\"wp-block-button__link has-secondary-background-color has-background wp-element-button\" href=\"https:\/\/api.whatsapp.com\/send?phone=5511947344442&amp;text=Contato%20via%20site%3A\" style=\"border-radius:0px;padding-top:12px;padding-right:40px;padding-bottom:12px;padding-left:40px\"><svg xmlns=\"http:\/\/www.w3.org\/2000\/svg\" width=\"16\" height=\"16\" fill=\"currentColor\" class=\"bi bi-whatsapp\" viewBox=\"0 0 16 16\">\n  <path d=\"M13.601 2.326A7.85 7.85 0 0 0 7.994 0C3.627 0 .068 3.558.064 7.926c0 1.399.366 2.76 1.057 3.965L0 16l4.204-1.102a7.9 7.9 0 0 0 3.79.965h.004c4.368 0 7.926-3.558 7.93-7.93A7.9 7.9 0 0 0 13.6 2.326zM7.994 14.521a6.6 6.6 0 0 1-3.356-.92l-.24-.144-2.494.654.666-2.433-.156-.251a6.56 6.56 0 0 1-1.007-3.505c0-3.626 2.957-6.584 6.591-6.584a6.56 6.56 0 0 1 4.66 1.931 6.56 6.56 0 0 1 1.928 4.66c-.004 3.639-2.961 6.592-6.592 6.592m3.615-4.934c-.197-.099-1.17-.578-1.353-.646-.182-.065-.315-.099-.445.099-.133.197-.513.646-.627.775-.114.133-.232.148-.43.05-.197-.1-.836-.308-1.592-.985-.59-.525-.985-1.175-1.103-1.372-.114-.198-.011-.304.088-.403.087-.088.197-.232.296-.346.1-.114.133-.198.198-.33.065-.134.034-.248-.015-.347-.05-.099-.445-1.076-.612-1.47-.16-.389-.323-.335-.445-.34-.114-.007-.247-.007-.38-.007a.73.73 0 0 0-.529.247c-.182.198-.691.677-.691 1.654s.71 1.916.81 2.049c.098.133 1.394 2.132 3.383 2.992.47.205.84.326 1.129.418.475.152.904.129 1.246.08.38-.058 1.171-.48 1.338-.943.164-.464.164-.86.114-.943-.049-.084-.182-.133-.38-.232\"><\/path>\n<\/svg>&nbsp;Solicitar Or\u00e7amento WhatsApp<\/a><\/div>\n<\/div>\n\n\n\n<div style=\"height:10px\" aria-hidden=\"true\" class=\"wp-block-spacer\"><\/div>\n<\/div>\n<\/div><\/div>\n<\/div>\n\n\n\n<div class=\"wp-block-group has-background-background-color has-background is-layout-constrained wp-container-core-group-is-layout-ef55149e wp-block-group-is-layout-constrained\" style=\"margin-top:0;margin-bottom:0;padding-top:4rem;padding-right:var(--wp--preset--spacing--40);padding-bottom:6rem;padding-left:var(--wp--preset--spacing--40)\">\n<h1 class=\"wp-block-heading has-heading-color-color has-text-color\" style=\"margin-top:60px;font-size:32px;font-style:normal;font-weight:600;line-height:1.4\">Solu\u00e7\u00e3o sob medida flex\u00edvel e sem burocracia<\/h1>\n\n\n\n<div class=\"wp-block-columns is-layout-flex wp-container-core-columns-is-layout-aac82623 wp-block-columns-is-layout-flex\" style=\"border-style:none;border-width:0px;padding-top:var(--wp--preset--spacing--60)\">\n<div class=\"wp-block-column fotawp-fade-up is-layout-flow wp-block-column-is-layout-flow\" style=\"border-bottom-style:none;border-bottom-width:0px;padding-right:0;padding-bottom:0\">\n<div class=\"wp-block-group has-border-color is-layout-constrained wp-container-core-group-is-layout-95339512 wp-block-group-is-layout-constrained\" style=\"border-color:#EFEAF7;border-width:1px;border-radius:12px;padding-top:24px;padding-right:24px;padding-bottom:24px;padding-left:24px\">\n<h3 class=\"wp-block-heading has-medium-font-size\" style=\"padding-bottom:0\">\ud83c\udfe0 Guarda M\u00f3veis Residencial<\/h3>\n\n\n\n<p style=\"font-size:16px;line-height:1.5\"><strong>Mais espa\u00e7o na sua casa, sem abrir m\u00e3o da seguran\u00e7a.<\/strong><\/p>\n\n\n\n<p>Ideal para quem est\u00e1 de mudan\u00e7a, em reforma ou precisa liberar ambientes sem se desfazer dos m\u00f3veis.<\/p>\n\n\n\n<ul class=\"wp-block-list\">\n<li>Boxes individuais e arejados<\/li>\n\n\n\n<li>Prote\u00e7\u00e3o contra umidade e poeira<\/li>\n\n\n\n<li>Per\u00edodo flex\u00edvel de armazenamento<\/li>\n<\/ul>\n\n\n\n<p style=\"font-size:16px;line-height:1.5\">\ud83c\udfaf <em>Perfeito para: mudan\u00e7as, reformas, viagens longas, aluguel de temporada<\/em><\/p>\n<\/div>\n<\/div>\n\n\n\n<div class=\"wp-block-column fotawp-fade-up is-layout-flow wp-block-column-is-layout-flow\" style=\"border-top-style:none;border-top-width:0px;border-bottom-style:none;border-bottom-width:0px;padding-right:0;padding-bottom:0\">\n<div class=\"wp-block-group has-border-color is-layout-constrained wp-container-core-group-is-layout-95339512 wp-block-group-is-layout-constrained\" style=\"border-color:#EFEAF7;border-width:1px;border-radius:12px;padding-top:24px;padding-right:24px;padding-bottom:24px;padding-left:24px\">\n<h3 class=\"wp-block-heading has-medium-font-size\" style=\"padding-bottom:0\">\ud83e\uddf3 Self Storage Pessoal<\/h3>\n\n\n\n<p style=\"font-size:16px;line-height:1.5\"><strong>Guarde o que importa, de forma segura e sob medida.<\/strong><\/p>\n\n\n\n<p>Armazene itens pessoais como documentos, roupas, objetos sazonais, cole\u00e7\u00f5es e eletr\u00f4nicos com total privacidade e controle.<\/p>\n\n\n\n<ul class=\"wp-block-list\">\n<li>Acesso exclusivo ao box<\/li>\n\n\n\n<li>Sem taxa de entrada ou sa\u00edda<\/li>\n\n\n\n<li>Monitoramento 24h<\/li>\n<\/ul>\n\n\n\n<p style=\"font-size:16px;line-height:1.5\">\ud83c\udfaf <em>Ideal para: estudantes, intercambistas, colecionadores, quem mora em espa\u00e7os pequenos<\/em><\/p>\n<\/div>\n<\/div>\n<\/div>\n\n\n\n<div class=\"wp-block-columns is-layout-flex wp-container-core-columns-is-layout-f25c431a wp-block-columns-is-layout-flex\" style=\"border-style:none;border-width:0px;margin-top:34px;padding-top:0\">\n<div class=\"wp-block-column fotawp-fade-up is-layout-flow wp-block-column-is-layout-flow\" style=\"border-bottom-style:none;border-bottom-width:0px;padding-right:0;padding-bottom:0\">\n<div class=\"wp-block-group has-border-color is-layout-constrained wp-container-core-group-is-layout-95339512 wp-block-group-is-layout-constrained\" style=\"border-color:#EFEAF7;border-width:1px;border-radius:12px;padding-top:24px;padding-right:24px;padding-bottom:24px;padding-left:24px\">\n<h3 class=\"wp-block-heading has-medium-font-size\" style=\"padding-bottom:0\">\ud83c\udfe2 Self Storage Empresarial<\/h3>\n\n\n\n<p style=\"font-size:16px;line-height:1.5\"><strong>Solu\u00e7\u00f5es pr\u00e1ticas para empresas que precisam de espa\u00e7o.<\/strong><\/p>\n\n\n\n<p>Guarde arquivos, estoques, equipamentos e insumos com flexibilidade e sem custo fixo elevado.<\/p>\n\n\n\n<ul class=\"wp-block-list\">\n<li>Redu\u00e7\u00e3o de custos com aluguel de salas<\/li>\n\n\n\n<li>Log\u00edstica facilitada<\/li>\n\n\n\n<li>Op\u00e7\u00e3o de boxes com tamanhos maiores<\/li>\n<\/ul>\n\n\n\n<p style=\"font-size:16px;line-height:1.5\">\ud83c\udfaf <em>Indicado para: e-commerces, aut\u00f4nomos, representantes comerciais, pequenas e m\u00e9dias empresas<\/em><\/p>\n<\/div>\n<\/div>\n<\/div>\n<\/div>\n","protected":false},"excerpt":{"rendered":"<p>Servi\u00e7os Solu\u00e7\u00f5es inteligentes para quem precisa de mais espa\u00e7o em Barueri Conhe\u00e7a nossos servi\u00e7os de self storage e guarda m\u00f3veis com seguran\u00e7a, flexibilidade e o suporte de quem entende do assunto. Guarde seus m\u00f3veis e objetos com praticidade, seguran\u00e7a e&#8230;<\/p>\n","protected":false},"author":1,"featured_media":0,"parent":0,"menu_order":1,"comment_status":"closed","ping_status":"closed","template":"page-full-width","meta":{"footnotes":""},"class_list":["post-80","page","type-page","status-publish","hentry"],"_links":{"self":[{"href":"https:\/\/guardamaisbarueri.com.br\/index.php?rest_route=\/wp\/v2\/pages\/80","targetHints":{"allow":["GET"]}}],"collection":[{"href":"https:\/\/guardamaisbarueri.com.br\/index.php?rest_route=\/wp\/v2\/pages"}],"about":[{"href":"https:\/\/guardamaisbarueri.com.br\/index.php?rest_route=\/wp\/v2\/types\/page"}],"author":[{"embeddable":true,"href":"https:\/\/guardamaisbarueri.com.br\/index.php?rest_route=\/wp\/v2\/users\/1"}],"replies":[{"embeddable":true,"href":"https:\/\/guardamaisbarueri.com.br\/index.php?rest_route=%2Fwp%2Fv2%2Fcomments&post=80"}],"version-history":[{"count":13,"href":"https:\/\/guardamaisbarueri.com.br\/index.php?rest_route=\/wp\/v2\/pages\/80\/revisions"}],"predecessor-version":[{"id":171,"href":"https:\/\/guardamaisbarueri.com.br\/index.php?rest_route=\/wp\/v2\/pages\/80\/revisions\/171"}],"wp:attachment":[{"href":"https:\/\/guardamaisbarueri.com.br\/index.php?rest_route=%2Fwp%2Fv2%2Fmedia&parent=80"}],"curies":[{"name":"wp","href":"https:\/\/api.w.org\/{rel}","templated":true}]}}