{"id":53,"date":"2025-04-29T21:40:53","date_gmt":"2025-04-30T00:40:53","guid":{"rendered":"https:\/\/guardamaisbarueri.com.br\/?page_id=53"},"modified":"2025-08-12T22:00:24","modified_gmt":"2025-08-13T01:00:24","slug":"sobre-nos","status":"publish","type":"page","link":"https:\/\/guardamaisbarueri.com.br\/?page_id=53","title":{"rendered":"Sobre n\u00f3s"},"content":{"rendered":"\n<div class=\"wp-block-group has-background-background-color has-background is-layout-constrained wp-container-core-group-is-layout-b869d57c wp-block-group-is-layout-constrained\" style=\"margin-top:0;margin-bottom:0;padding-top:100px;padding-right:var(--wp--preset--spacing--40);padding-bottom:100px;padding-left:var(--wp--preset--spacing--40)\">\n<div class=\"wp-block-columns are-vertically-aligned-center is-layout-flex wp-container-core-columns-is-layout-2948cf2f wp-block-columns-is-layout-flex\" style=\"padding-top:0;padding-right:0;padding-bottom:0;padding-left:0\">\n<div class=\"wp-block-column is-vertically-aligned-center fotawp-flip-up is-layout-flow wp-block-column-is-layout-flow\" style=\"flex-basis:45%\">\n<figure class=\"wp-block-image size-full\"><img loading=\"lazy\" decoding=\"async\" width=\"2057\" height=\"2433\" src=\"https:\/\/guardamaisbarueri.com.br\/wp-content\/uploads\/2025\/04\/sobre-img.png\" alt=\"\" class=\"wp-image-43\" srcset=\"https:\/\/guardamaisbarueri.com.br\/wp-content\/uploads\/2025\/04\/sobre-img.png 2057w, https:\/\/guardamaisbarueri.com.br\/wp-content\/uploads\/2025\/04\/sobre-img-254x300.png 254w, https:\/\/guardamaisbarueri.com.br\/wp-content\/uploads\/2025\/04\/sobre-img-866x1024.png 866w, https:\/\/guardamaisbarueri.com.br\/wp-content\/uploads\/2025\/04\/sobre-img-768x908.png 768w, https:\/\/guardamaisbarueri.com.br\/wp-content\/uploads\/2025\/04\/sobre-img-1299x1536.png 1299w, https:\/\/guardamaisbarueri.com.br\/wp-content\/uploads\/2025\/04\/sobre-img-1731x2048.png 1731w\" sizes=\"auto, (max-width: 2057px) 100vw, 2057px\" \/><\/figure>\n<\/div>\n\n\n\n<div class=\"wp-block-column is-vertically-aligned-center is-layout-flow wp-block-column-is-layout-flow\" style=\"padding-top:0px;padding-right:0px;padding-bottom:0px;padding-left:0px;flex-basis:55%\">\n<div class=\"wp-block-group is-nowrap is-layout-flex wp-container-core-group-is-layout-6c531013 wp-block-group-is-layout-flex\">\n<div class=\"wp-block-group has-accent-lite-background-color has-background is-layout-constrained wp-container-core-group-is-layout-9d62f0e3 wp-block-group-is-layout-constrained\" style=\"border-radius:5px;padding-top:5px;padding-right:16px;padding-bottom:5px;padding-left:16px\">\n<h5 class=\"wp-block-heading has-primary-color has-text-color has-link-color has-small-font-size wp-elements-091daf105271bb8845ce8c6d79e1b068\">Leal Self Storage e Guarda M\u00f3veis<\/h5>\n<\/div>\n<\/div>\n\n\n\n<div class=\"wp-block-group is-vertical is-layout-flex wp-container-core-group-is-layout-c24acdbf wp-block-group-is-layout-flex\" style=\"margin-top:10px;margin-bottom:0\">\n<h1 class=\"wp-block-heading has-xx-large-font-size\" style=\"line-height:1.3\">Muito Mais que Self Storage<\/h1>\n\n\n\n<h1 class=\"wp-block-heading has-primary-color has-text-color has-link-color has-xx-large-font-size wp-elements-63244c08921657f58fbc846b2c83fee6\" style=\"line-height:1.3\">Um Parceiro de Confian\u00e7a<\/h1>\n<\/div>\n\n\n\n<p class=\"has-text-align-left fotawp-fade-up has-foreground-color has-text-color\" style=\"line-height:1.5\">A Leal nasceu com a miss\u00e3o de oferecer solu\u00e7\u00f5es pr\u00e1ticas para quem precisa de mais espa\u00e7o com seguran\u00e7a e flexibilidade. Estamos em Barueri com uma estrutura moderna, equipe especializada e atendimento humanizado.<\/p>\n\n\n\n<p class=\"has-text-align-left fotawp-fade-up has-foreground-color has-text-color\" style=\"line-height:1.5\">Acreditamos que guardar seus bens \u00e9 tamb\u00e9m cuidar da sua tranquilidade.<\/p>\n\n\n\n<div class=\"wp-block-columns is-layout-flex wp-container-core-columns-is-layout-28f84493 wp-block-columns-is-layout-flex\">\n<div class=\"wp-block-column fotawp-flip-left is-layout-flow wp-block-column-is-layout-flow\">\n<figure class=\"wp-block-image aligncenter size-full is-resized\"><img loading=\"lazy\" decoding=\"async\" width=\"707\" height=\"524\" src=\"https:\/\/guardamaisbarueri.com.br\/wp-content\/uploads\/2025\/04\/camera.png\" alt=\"\" class=\"wp-image-46\" style=\"width:81px;height:auto\" srcset=\"https:\/\/guardamaisbarueri.com.br\/wp-content\/uploads\/2025\/04\/camera.png 707w, https:\/\/guardamaisbarueri.com.br\/wp-content\/uploads\/2025\/04\/camera-300x222.png 300w\" sizes=\"auto, (max-width: 707px) 100vw, 707px\" \/><\/figure>\n\n\n\n<h4 class=\"wp-block-heading has-text-align-center has-small-font-size\">C\u00e2meras de vigil\u00e2ncia, monitoramento interno e externos 24 horas por dia<\/h4>\n<\/div>\n\n\n\n<div class=\"wp-block-column fotawp-flip-left is-layout-flow wp-block-column-is-layout-flow\">\n<figure class=\"wp-block-image aligncenter size-full is-resized\"><img loading=\"lazy\" decoding=\"async\" width=\"622\" height=\"576\" src=\"https:\/\/guardamaisbarueri.com.br\/wp-content\/uploads\/2025\/04\/atendente.png\" alt=\"\" class=\"wp-image-44\" style=\"width:69px;height:auto\" srcset=\"https:\/\/guardamaisbarueri.com.br\/wp-content\/uploads\/2025\/04\/atendente.png 622w, https:\/\/guardamaisbarueri.com.br\/wp-content\/uploads\/2025\/04\/atendente-300x278.png 300w\" sizes=\"auto, (max-width: 622px) 100vw, 622px\" \/><\/figure>\n\n\n\n<h4 class=\"wp-block-heading has-text-align-center has-small-font-size\">Central de atendimento com equipe pr\u00f3pria para uma comunica\u00e7\u00e3o \u00e1gil e assertiva<\/h4>\n<\/div>\n<\/div>\n\n\n\n<div class=\"wp-block-buttons fotawp-slide-up is-content-justification-left is-layout-flex wp-container-core-buttons-is-layout-57b328a6 wp-block-buttons-is-layout-flex\" style=\"margin-top:42px;margin-bottom:0\">\n<div class=\"wp-block-button is-style-button-hover-primary-bgcolor\"><a class=\"wp-block-button__link has-secondary-background-color has-background wp-element-button\" href=\"https:\/\/api.whatsapp.com\/send?phone=5511947344442&amp;text=Contato%20via%20site%3A\" style=\"border-radius:0px;padding-top:12px;padding-right:40px;padding-bottom:12px;padding-left:40px\"><svg xmlns=\"http:\/\/www.w3.org\/2000\/svg\" width=\"16\" height=\"16\" fill=\"currentColor\" class=\"bi bi-whatsapp\" viewBox=\"0 0 16 16\">\n  <path d=\"M13.601 2.326A7.85 7.85 0 0 0 7.994 0C3.627 0 .068 3.558.064 7.926c0 1.399.366 2.76 1.057 3.965L0 16l4.204-1.102a7.9 7.9 0 0 0 3.79.965h.004c4.368 0 7.926-3.558 7.93-7.93A7.9 7.9 0 0 0 13.6 2.326zM7.994 14.521a6.6 6.6 0 0 1-3.356-.92l-.24-.144-2.494.654.666-2.433-.156-.251a6.56 6.56 0 0 1-1.007-3.505c0-3.626 2.957-6.584 6.591-6.584a6.56 6.56 0 0 1 4.66 1.931 6.56 6.56 0 0 1 1.928 4.66c-.004 3.639-2.961 6.592-6.592 6.592m3.615-4.934c-.197-.099-1.17-.578-1.353-.646-.182-.065-.315-.099-.445.099-.133.197-.513.646-.627.775-.114.133-.232.148-.43.05-.197-.1-.836-.308-1.592-.985-.59-.525-.985-1.175-1.103-1.372-.114-.198-.011-.304.088-.403.087-.088.197-.232.296-.346.1-.114.133-.198.198-.33.065-.134.034-.248-.015-.347-.05-.099-.445-1.076-.612-1.47-.16-.389-.323-.335-.445-.34-.114-.007-.247-.007-.38-.007a.73.73 0 0 0-.529.247c-.182.198-.691.677-.691 1.654s.71 1.916.81 2.049c.098.133 1.394 2.132 3.383 2.992.47.205.84.326 1.129.418.475.152.904.129 1.246.08.38-.058 1.171-.48 1.338-.943.164-.464.164-.86.114-.943-.049-.084-.182-.133-.38-.232\"><\/path>\n<\/svg>&nbsp;Solicitar Or\u00e7amento WhatsApp<\/a><\/div>\n<\/div>\n<\/div>\n<\/div>\n<\/div>\n\n\n\n<div class=\"wp-block-group has-primary-background-color has-background is-layout-constrained wp-container-core-group-is-layout-37a47c1c wp-block-group-is-layout-constrained\" style=\"padding-top:var(--wp--preset--spacing--80);padding-right:var(--wp--preset--spacing--50);padding-bottom:var(--wp--preset--spacing--80);padding-left:var(--wp--preset--spacing--50)\">\n<div class=\"wp-block-group is-layout-constrained wp-container-core-group-is-layout-9dd476b2 wp-block-group-is-layout-constrained\">\n<h2 class=\"wp-block-heading has-text-align-left has-foregound-alt-color has-text-color has-xx-large-font-size\" style=\"font-style:normal;font-weight:600\">Especialistas em Espa\u00e7o e Organiza\u00e7\u00e3o<\/h2>\n\n\n\n<p class=\"has-text-align-left\" style=\"line-height:1.6\">Somos uma empresa dedicada a oferecer solu\u00e7\u00f5es inteligentes de armazenamento, com foco em seguran\u00e7a, praticidade e custo-benef\u00edcio. Nosso objetivo \u00e9 facilitar sua vida, seja em mudan\u00e7as, reformas ou na organiza\u00e7\u00e3o do dia a dia.<\/p>\n<\/div>\n\n\n\n<h2 class=\"wp-block-heading has-text-align-left has-foregound-alt-color has-text-color has-xx-large-font-size\" style=\"font-style:normal;font-weight:600\">Diferenciais da Leal<\/h2>\n\n\n\n<p class=\"has-text-align-left\" style=\"line-height:1.6\">Voc\u00ea merece mais do que apenas um espa\u00e7o \u2014 merece um servi\u00e7o completo, confi\u00e1vel e feito para facilitar sua vida:<\/p>\n\n\n\n<div class=\"wp-block-columns is-layout-flex wp-container-core-columns-is-layout-99064cc6 wp-block-columns-is-layout-flex\" style=\"margin-top:var(--wp--preset--spacing--80)\">\n<div class=\"wp-block-column is-layout-flow wp-container-core-column-is-layout-119bc444 wp-block-column-is-layout-flow\" style=\"border-right-style:none;border-right-width:0px\">\n<h3 class=\"wp-block-heading has-text-align-left has-foregound-alt-color has-text-color has-x-large-font-size\" style=\"font-style:normal;font-weight:600\">Atendimento <br>personalizado<\/h3>\n\n\n\n<p class=\"has-text-align-left\" style=\"line-height:1.6\">Solu\u00e7\u00f5es sob medida para cada cliente, com suporte \u00e1gil, humano e atencioso do in\u00edcio ao fim.<\/p>\n<\/div>\n\n\n\n<div class=\"wp-block-column is-layout-flow wp-container-core-column-is-layout-119bc444 wp-block-column-is-layout-flow\" style=\"border-right-style:none;border-right-width:0px\">\n<h3 class=\"wp-block-heading has-text-align-left has-foregound-alt-color has-text-color has-x-large-font-size\" style=\"font-style:normal;font-weight:600\">Unidade moderna e bem localizadas<\/h3>\n\n\n\n<p class=\"has-text-align-left\" style=\"line-height:1.6\">Estrutura completa em pontos estrat\u00e9gicos de Barueri, com f\u00e1cil acesso, limpeza e organiza\u00e7\u00e3o impec\u00e1vel.<\/p>\n<\/div>\n<\/div>\n\n\n\n<div class=\"wp-block-columns is-layout-flex wp-container-core-columns-is-layout-b42db108 wp-block-columns-is-layout-flex\" style=\"margin-top:var(--wp--preset--spacing--70)\">\n<div class=\"wp-block-column is-layout-flow wp-container-core-column-is-layout-119bc444 wp-block-column-is-layout-flow\" style=\"border-right-style:none;border-right-width:0px\">\n<h3 class=\"wp-block-heading has-text-align-left has-foregound-alt-color has-text-color has-x-large-font-size\" style=\"font-style:normal;font-weight:600\">Tecnologia de ponta para monitoramento<\/h3>\n\n\n\n<p class=\"has-text-align-left\" style=\"line-height:1.6\">Sistema de c\u00e2meras, alarmes e controle de acesso 24h para garantir a seguran\u00e7a dos seus bens.<\/p>\n<\/div>\n\n\n\n<div class=\"wp-block-column is-layout-flow wp-container-core-column-is-layout-119bc444 wp-block-column-is-layout-flow\" style=\"border-right-style:none;border-right-width:0px\">\n<h3 class=\"wp-block-heading has-text-align-left has-foregound-alt-color has-text-color has-x-large-font-size\" style=\"font-style:normal;font-weight:600\">Transpar\u00eancia e confian\u00e7a em cada contrato<\/h3>\n\n\n\n<p class=\"has-text-align-left\" style=\"line-height:1.6\">Sem letras mi\u00fadas, sem taxas escondidas. Alugue com clareza, flexibilidade e total tranquilidade.<\/p>\n<\/div>\n<\/div>\n\n\n\n<p class=\"has-text-align-center\" style=\"line-height:1.6\"><br>\u25ac<br>Nosso compromisso \u00e9 com a sua tranquilidade.<\/p>\n<\/div>\n","protected":false},"excerpt":{"rendered":"<p>Leal Self Storage e Guarda M\u00f3veis Muito Mais que Self Storage Um Parceiro de Confian\u00e7a A Leal nasceu com a miss\u00e3o de oferecer solu\u00e7\u00f5es pr\u00e1ticas para quem precisa de mais espa\u00e7o com seguran\u00e7a e flexibilidade. Estamos em Barueri com uma&#8230;<\/p>\n","protected":false},"author":1,"featured_media":0,"parent":0,"menu_order":0,"comment_status":"closed","ping_status":"closed","template":"page-full-width","meta":{"footnotes":""},"class_list":["post-53","page","type-page","status-publish","hentry"],"_links":{"self":[{"href":"https:\/\/guardamaisbarueri.com.br\/index.php?rest_route=\/wp\/v2\/pages\/53","targetHints":{"allow":["GET"]}}],"collection":[{"href":"https:\/\/guardamaisbarueri.com.br\/index.php?rest_route=\/wp\/v2\/pages"}],"about":[{"href":"https:\/\/guardamaisbarueri.com.br\/index.php?rest_route=\/wp\/v2\/types\/page"}],"author":[{"embeddable":true,"href":"https:\/\/guardamaisbarueri.com.br\/index.php?rest_route=\/wp\/v2\/users\/1"}],"replies":[{"embeddable":true,"href":"https:\/\/guardamaisbarueri.com.br\/index.php?rest_route=%2Fwp%2Fv2%2Fcomments&post=53"}],"version-history":[{"count":11,"href":"https:\/\/guardamaisbarueri.com.br\/index.php?rest_route=\/wp\/v2\/pages\/53\/revisions"}],"predecessor-version":[{"id":172,"href":"https:\/\/guardamaisbarueri.com.br\/index.php?rest_route=\/wp\/v2\/pages\/53\/revisions\/172"}],"wp:attachment":[{"href":"https:\/\/guardamaisbarueri.com.br\/index.php?rest_route=%2Fwp%2Fv2%2Fmedia&parent=53"}],"curies":[{"name":"wp","href":"https:\/\/api.w.org\/{rel}","templated":true}]}}