{"id":104,"date":"2025-04-30T00:04:38","date_gmt":"2025-04-30T03:04:38","guid":{"rendered":"https:\/\/guardamaisbarueri.com.br\/?page_id=104"},"modified":"2025-08-12T22:02:15","modified_gmt":"2025-08-13T01:02:15","slug":"contato","status":"publish","type":"page","link":"https:\/\/guardamaisbarueri.com.br\/?page_id=104","title":{"rendered":"Contato"},"content":{"rendered":"\n<div class=\"wp-block-group has-background-background-color has-background is-layout-constrained wp-container-core-group-is-layout-b869d57c wp-block-group-is-layout-constrained\" style=\"margin-top:0;margin-bottom:0;padding-top:100px;padding-right:var(--wp--preset--spacing--40);padding-bottom:100px;padding-left:var(--wp--preset--spacing--40)\">\n<div class=\"wp-block-group is-nowrap is-layout-flex wp-container-core-group-is-layout-6c531013 wp-block-group-is-layout-flex\">\n<div class=\"wp-block-group has-accent-lite-background-color has-background is-layout-constrained wp-container-core-group-is-layout-9d62f0e3 wp-block-group-is-layout-constrained\" style=\"border-radius:5px;padding-top:5px;padding-right:16px;padding-bottom:5px;padding-left:16px\">\n<h5 class=\"wp-block-heading has-primary-color has-text-color has-link-color has-small-font-size wp-elements-f4ad00e70d1a107f620b8c638fb2ce4e\">Contato<\/h5>\n<\/div>\n<\/div>\n\n\n\n<div class=\"wp-block-group is-layout-constrained wp-container-core-group-is-layout-49010827 wp-block-group-is-layout-constrained\">\n<h2 class=\"wp-block-heading has-text-align-center\">Fale com a Gente<br>Estamos Aqui para Ajudar!<\/h2>\n\n\n\n<p class=\"has-text-align-center has-small-font-size\" style=\"line-height:1.7\">Tem d\u00favidas, precisa de um or\u00e7amento ou quer entender qual \u00e9 o box ideal para voc\u00ea? Preencha o formul\u00e1rio abaixo ou fale conosco por telefone, WhatsApp ou e-mail. <br>Vamos encontrar a solu\u00e7\u00e3o ideal para o seu espa\u00e7o!<\/p>\n<\/div>\n<\/div>\n\n\n\n<div class=\"wp-block-group is-layout-constrained wp-container-core-group-is-layout-00582279 wp-block-group-is-layout-constrained\" style=\"padding-top:0px;padding-right:0;padding-bottom:0px;padding-left:0\">\n<div class=\"wp-block-cover\" style=\"padding-top:120px;padding-right:var(--wp--preset--spacing--40);padding-bottom:120px;padding-left:var(--wp--preset--spacing--40);min-height:573px;aspect-ratio:unset;\"><img decoding=\"async\" class=\"wp-block-cover__image-background wp-image-3918\" alt=\"\" src=\"https:\/\/guardamaisbarueri.com.br\/wp-content\/themes\/fotawp\/assets\/images\/new\/formbg.jpg\" data-object-fit=\"cover\"\/><span aria-hidden=\"true\" class=\"wp-block-cover__background has-primary-background-color has-background-dim-90 has-background-dim\"><\/span><div class=\"wp-block-cover__inner-container is-layout-constrained wp-container-core-cover-is-layout-aba058b9 wp-block-cover-is-layout-constrained\">\n<div class=\"wp-block-columns are-vertically-aligned-center is-layout-flex wp-container-core-columns-is-layout-4a938530 wp-block-columns-is-layout-flex\">\n<div class=\"wp-block-column is-vertically-aligned-center fotawp-fade-up is-layout-flow wp-block-column-is-layout-flow\" style=\"flex-basis:45%\">\n<div class=\"wp-block-group is-vertical is-layout-flex wp-container-core-group-is-layout-e30a40d9 wp-block-group-is-layout-flex\" style=\"margin-top:28px;margin-bottom:40px\">\n<p class=\"has-foregound-alt-color has-text-color has-link-color has-medium-font-size wp-elements-7bcbc27ccbd63b34fc71acf368bf101a\"><strong><svg xmlns=\"http:\/\/www.w3.org\/2000\/svg\" width=\"16\" height=\"16\" fill=\"currentColor\" class=\"bi bi-whatsapp\" viewBox=\"0 0 16 16\"><br>  <path d=\"M13.601 2.326A7.85 7.85 0 0 0 7.994 0C3.627 0 .068 3.558.064 7.926c0 1.399.366 2.76 1.057 3.965L0 16l4.204-1.102a7.9 7.9 0 0 0 3.79.965h.004c4.368 0 7.926-3.558 7.93-7.93A7.9 7.9 0 0 0 13.6 2.326zM7.994 14.521a6.6 6.6 0 0 1-3.356-.92l-.24-.144-2.494.654.666-2.433-.156-.251a6.56 6.56 0 0 1-1.007-3.505c0-3.626 2.957-6.584 6.591-6.584a6.56 6.56 0 0 1 4.66 1.931 6.56 6.56 0 0 1 1.928 4.66c-.004 3.639-2.961 6.592-6.592 6.592m3.615-4.934c-.197-.099-1.17-.578-1.353-.646-.182-.065-.315-.099-.445.099-.133.197-.513.646-.627.775-.114.133-.232.148-.43.05-.197-.1-.836-.308-1.592-.985-.59-.525-.985-1.175-1.103-1.372-.114-.198-.011-.304.088-.403.087-.088.197-.232.296-.346.1-.114.133-.198.198-.33.065-.134.034-.248-.015-.347-.05-.099-.445-1.076-.612-1.47-.16-.389-.323-.335-.445-.34-.114-.007-.247-.007-.38-.007a.73.73 0 0 0-.529.247c-.182.198-.691.677-.691 1.654s.71 1.916.81 2.049c.098.133 1.394 2.132 3.383 2.992.47.205.84.326 1.129.418.475.152.904.129 1.246.08.38-.058 1.171-.48 1.338-.943.164-.464.164-.86.114-.943-.049-.084-.182-.133-.38-.232\"><\/path><br><\/svg>\u00a0WhatsApp<\/strong>: <a href=\"https:\/\/api.whatsapp.com\/send?phone=5511947344442&amp;text=Contato%20via%20site%3A\">\u00a011 94734-4442<\/a><\/p>\n\n\n\n<p class=\"has-foregound-alt-color has-text-color has-link-color has-medium-font-size wp-elements-ea02e50ad8a1a721b27dd11babfcfe38\">\u260f <strong>Telefone<\/strong>: <a href=\"https:\/\/guardamaisbarueri.com.br\/#\">11 4168-5700<\/a><\/p>\n\n\n\n<p class=\"has-foregound-alt-color has-text-color has-link-color has-medium-font-size wp-elements-5e832db3db13657a4fb15fd0f0fd8c48\"><svg xmlns=\"http:\/\/www.w3.org\/2000\/svg\" width=\"16\" height=\"16\" fill=\"currentColor\" class=\"bi bi-envelope\" viewBox=\"0 0 16 16\">\n  <path d=\"M0 4a2 2 0 0 1 2-2h12a2 2 0 0 1 2 2v8a2 2 0 0 1-2 2H2a2 2 0 0 1-2-2zm2-1a1 1 0 0 0-1 1v.217l7 4.2 7-4.2V4a1 1 0 0 0-1-1zm13 2.383-4.708 2.825L15 11.105zm-.034 6.876-5.64-3.471L8 9.583l-1.326-.795-5.64 3.47A1 1 0 0 0 2 13h12a1 1 0 0 0 .966-.741M1 11.105l4.708-2.897L1 5.383z\"><\/path>\n<\/svg>&nbsp; contato@guardamaisbarueri.com.br<\/p>\n\n\n\n<p class=\"has-foregound-alt-color has-text-color has-link-color has-medium-font-size wp-elements-603484917de70e5a813cb808fa17cf2d\"> <strong><svg xmlns=\"http:\/\/www.w3.org\/2000\/svg\" width=\"16\" height=\"16\" fill=\"currentColor\" class=\"bi bi-alarm\" viewBox=\"0 0 16 16\">\n  <path d=\"M8.5 5.5a.5.5 0 0 0-1 0v3.362l-1.429 2.38a.5.5 0 1 0 .858.515l1.5-2.5A.5.5 0 0 0 8.5 9z\"><\/path>\n  <path d=\"M6.5 0a.5.5 0 0 0 0 1H7v1.07a7.001 7.001 0 0 0-3.273 12.474l-.602.602a.5.5 0 0 0 .707.708l.746-.746A6.97 6.97 0 0 0 8 16a6.97 6.97 0 0 0 3.422-.892l.746.746a.5.5 0 0 0 .707-.708l-.601-.602A7.001 7.001 0 0 0 9 2.07V1h.5a.5.5 0 0 0 0-1zm1.038 3.018a6 6 0 0 1 .924 0 6 6 0 1 1-.924 0M0 3.5c0 .753.333 1.429.86 1.887A8.04 8.04 0 0 1 4.387 1.86 2.5 2.5 0 0 0 0 3.5M13.5 1c-.753 0-1.429.333-1.887.86a8.04 8.04 0 0 1 3.527 3.527A2.5 2.5 0 0 0 13.5 1\"><\/path>\n<\/svg>&nbsp;Atendimento<\/strong>: Segunda a sexta, das 9h \u00e0s 18h | S\u00e1bado das 9h \u00e0s 13h<\/p>\n<\/div>\n\n\n\n<iframe src=\"https:\/\/www.google.com\/maps\/embed?pb=!1m18!1m12!1m3!1d3659.52281166665!2d-46.889081425425395!3d-23.477671258521493!2m3!1f0!2f0!3f0!3m2!1i1024!2i768!4f13.1!3m3!1m2!1s0x94cf0374775112bb%3A0xf6c437fc19f46156!2sR.%20Pomp%C3%A9ia%2C%20392%20-%20Ch%C3%A1caras%20Marco%2C%20Barueri%20-%20SP%2C%2006419-140!5e0!3m2!1spt-BR!2sbr!4v1746487502065!5m2!1spt-BR!2sbr\" width=\"100%\" height=\"250\" style=\"border:0;\" allowfullscreen=\"\" loading=\"lazy\" referrerpolicy=\"no-referrer-when-downgrade\"><\/iframe>\n\n\n\n<p class=\"has-foregound-alt-color has-text-color has-link-color has-medium-font-size wp-elements-750687f600c323b7d171daec72c445cd\">\ud83d\udccd <strong>Endere\u00e7o<\/strong>: R. Pomp\u00e9ia, 392 &#8211; Ch\u00e1caras Marco, Barueri &#8211; SP, 06419-140<\/p>\n\n\n\n<ul class=\"wp-block-social-links has-icon-color has-icon-background-color is-layout-flex wp-container-core-social-links-is-layout-29a47d12 wp-block-social-links-is-layout-flex\"><li style=\"color:#3800D7;background-color:#ffffff;\" class=\"wp-social-link wp-social-link-facebook has-primary-color has-background-background-color wp-block-social-link\"><a href=\"#\" class=\"wp-block-social-link-anchor\"><svg width=\"24\" height=\"24\" viewBox=\"0 0 24 24\" version=\"1.1\" xmlns=\"http:\/\/www.w3.org\/2000\/svg\" aria-hidden=\"true\" focusable=\"false\"><path d=\"M12 2C6.5 2 2 6.5 2 12c0 5 3.7 9.1 8.4 9.9v-7H7.9V12h2.5V9.8c0-2.5 1.5-3.9 3.8-3.9 1.1 0 2.2.2 2.2.2v2.5h-1.3c-1.2 0-1.6.8-1.6 1.6V12h2.8l-.4 2.9h-2.3v7C18.3 21.1 22 17 22 12c0-5.5-4.5-10-10-10z\"><\/path><\/svg><span class=\"wp-block-social-link-label screen-reader-text\">Facebook<\/span><\/a><\/li>\n\n<li style=\"color:#3800D7;background-color:#ffffff;\" class=\"wp-social-link wp-social-link-instagram has-primary-color has-background-background-color wp-block-social-link\"><a href=\"#\" class=\"wp-block-social-link-anchor\"><svg width=\"24\" height=\"24\" viewBox=\"0 0 24 24\" version=\"1.1\" xmlns=\"http:\/\/www.w3.org\/2000\/svg\" aria-hidden=\"true\" focusable=\"false\"><path d=\"M12,4.622c2.403,0,2.688,0.009,3.637,0.052c0.877,0.04,1.354,0.187,1.671,0.31c0.42,0.163,0.72,0.358,1.035,0.673 c0.315,0.315,0.51,0.615,0.673,1.035c0.123,0.317,0.27,0.794,0.31,1.671c0.043,0.949,0.052,1.234,0.052,3.637 s-0.009,2.688-0.052,3.637c-0.04,0.877-0.187,1.354-0.31,1.671c-0.163,0.42-0.358,0.72-0.673,1.035 c-0.315,0.315-0.615,0.51-1.035,0.673c-0.317,0.123-0.794,0.27-1.671,0.31c-0.949,0.043-1.233,0.052-3.637,0.052 s-2.688-0.009-3.637-0.052c-0.877-0.04-1.354-0.187-1.671-0.31c-0.42-0.163-0.72-0.358-1.035-0.673 c-0.315-0.315-0.51-0.615-0.673-1.035c-0.123-0.317-0.27-0.794-0.31-1.671C4.631,14.688,4.622,14.403,4.622,12 s0.009-2.688,0.052-3.637c0.04-0.877,0.187-1.354,0.31-1.671c0.163-0.42,0.358-0.72,0.673-1.035 c0.315-0.315,0.615-0.51,1.035-0.673c0.317-0.123,0.794-0.27,1.671-0.31C9.312,4.631,9.597,4.622,12,4.622 M12,3 C9.556,3,9.249,3.01,8.289,3.054C7.331,3.098,6.677,3.25,6.105,3.472C5.513,3.702,5.011,4.01,4.511,4.511 c-0.5,0.5-0.808,1.002-1.038,1.594C3.25,6.677,3.098,7.331,3.054,8.289C3.01,9.249,3,9.556,3,12c0,2.444,0.01,2.751,0.054,3.711 c0.044,0.958,0.196,1.612,0.418,2.185c0.23,0.592,0.538,1.094,1.038,1.594c0.5,0.5,1.002,0.808,1.594,1.038 c0.572,0.222,1.227,0.375,2.185,0.418C9.249,20.99,9.556,21,12,21s2.751-0.01,3.711-0.054c0.958-0.044,1.612-0.196,2.185-0.418 c0.592-0.23,1.094-0.538,1.594-1.038c0.5-0.5,0.808-1.002,1.038-1.594c0.222-0.572,0.375-1.227,0.418-2.185 C20.99,14.751,21,14.444,21,12s-0.01-2.751-0.054-3.711c-0.044-0.958-0.196-1.612-0.418-2.185c-0.23-0.592-0.538-1.094-1.038-1.594 c-0.5-0.5-1.002-0.808-1.594-1.038c-0.572-0.222-1.227-0.375-2.185-0.418C14.751,3.01,14.444,3,12,3L12,3z M12,7.378 c-2.552,0-4.622,2.069-4.622,4.622S9.448,16.622,12,16.622s4.622-2.069,4.622-4.622S14.552,7.378,12,7.378z M12,15 c-1.657,0-3-1.343-3-3s1.343-3,3-3s3,1.343,3,3S13.657,15,12,15z M16.804,6.116c-0.596,0-1.08,0.484-1.08,1.08 s0.484,1.08,1.08,1.08c0.596,0,1.08-0.484,1.08-1.08S17.401,6.116,16.804,6.116z\"><\/path><\/svg><span class=\"wp-block-social-link-label screen-reader-text\">Instagram<\/span><\/a><\/li><\/ul>\n<\/div>\n\n\n\n<div class=\"wp-block-column is-vertically-aligned-center fotawp-fade-left has-foreground-color has-background-background-color has-text-color has-background has-link-color wp-elements-9a614d88dcc34fb71aaba96457d00792 is-layout-flow wp-block-column-is-layout-flow\" style=\"padding-top:40px;padding-right:54px;padding-bottom:40px;padding-left:54px\">\n<h3 class=\"wp-block-heading has-heading-color-color has-text-color has-link-color has-large-font-size wp-elements-1af8b06320e5379cc8c96056260a802c\" style=\"font-style:normal;font-weight:700\">Envie uma Mensagem<\/h3>\n\n\n\n<div class=\"wp-block-contact-form-7-contact-form-selector fotahome-contact-form\">\n<div class=\"wpcf7 no-js\" id=\"wpcf7-f107-o1\" lang=\"pt-BR\" dir=\"ltr\" data-wpcf7-id=\"107\">\n<div class=\"screen-reader-response\"><p role=\"status\" aria-live=\"polite\" aria-atomic=\"true\"><\/p> <ul><\/ul><\/div>\n<form action=\"\/index.php?rest_route=%2Fwp%2Fv2%2Fpages%2F104#wpcf7-f107-o1\" method=\"post\" class=\"wpcf7-form init\" aria-label=\"Formul\u00e1rios de contato\" novalidate=\"novalidate\" data-status=\"init\">\n<div style=\"display: none;\">\n<input type=\"hidden\" name=\"_wpcf7\" value=\"107\" \/>\n<input type=\"hidden\" name=\"_wpcf7_version\" value=\"6.0.6\" \/>\n<input type=\"hidden\" name=\"_wpcf7_locale\" value=\"pt_BR\" \/>\n<input type=\"hidden\" name=\"_wpcf7_unit_tag\" value=\"wpcf7-f107-o1\" \/>\n<input type=\"hidden\" name=\"_wpcf7_container_post\" value=\"0\" \/>\n<input type=\"hidden\" name=\"_wpcf7_posted_data_hash\" value=\"\" \/>\n<\/div>\n<p><label> Nome<br \/>\n<span class=\"wpcf7-form-control-wrap\" data-name=\"your-name\"><input size=\"40\" maxlength=\"400\" class=\"wpcf7-form-control wpcf7-text wpcf7-validates-as-required\" autocomplete=\"name\" aria-required=\"true\" aria-invalid=\"false\" value=\"\" type=\"text\" name=\"your-name\" \/><\/span> <\/label>\n<\/p>\n<p><label> E-mail<br \/>\n<span class=\"wpcf7-form-control-wrap\" data-name=\"your-email\"><input size=\"40\" maxlength=\"400\" class=\"wpcf7-form-control wpcf7-email wpcf7-validates-as-required wpcf7-text wpcf7-validates-as-email\" autocomplete=\"email\" aria-required=\"true\" aria-invalid=\"false\" value=\"\" type=\"email\" name=\"your-email\" \/><\/span> <\/label>\n<\/p>\n<p><label> Telefone<br \/>\n<span class=\"wpcf7-form-control-wrap\" data-name=\"tel-492\"><input size=\"40\" maxlength=\"400\" class=\"wpcf7-form-control wpcf7-tel wpcf7-validates-as-required wpcf7-text wpcf7-validates-as-tel\" autocomplete=\"tel\" aria-required=\"true\" aria-invalid=\"false\" value=\"\" type=\"tel\" name=\"tel-492\" \/><\/span> <\/label>\n<\/p>\n<p><label> Mensagem<br \/>\n<span class=\"wpcf7-form-control-wrap\" data-name=\"your-message\"><textarea cols=\"40\" rows=\"10\" maxlength=\"2000\" class=\"wpcf7-form-control wpcf7-textarea\" aria-invalid=\"false\" name=\"your-message\"><\/textarea><\/span> <\/label>\n<\/p>\n<p><input class=\"wpcf7-form-control wpcf7-submit has-spinner\" type=\"submit\" value=\"Enviar\" \/>\n<\/p><p style=\"display: none !important;\" class=\"akismet-fields-container\" data-prefix=\"_wpcf7_ak_\"><label>&#916;<textarea name=\"_wpcf7_ak_hp_textarea\" cols=\"45\" rows=\"8\" maxlength=\"100\"><\/textarea><\/label><input type=\"hidden\" id=\"ak_js_1\" name=\"_wpcf7_ak_js\" value=\"241\"\/><script>document.getElementById( \"ak_js_1\" ).setAttribute( \"value\", ( new Date() ).getTime() );<\/script><\/p><div class=\"wpcf7-response-output\" aria-hidden=\"true\"><\/div>\n<\/form>\n<\/div>\n<\/div>\n<\/div>\n<\/div>\n<\/div><\/div>\n<\/div>\n\n\n\n<p><\/p>\n","protected":false},"excerpt":{"rendered":"<p>Contato Fale com a GenteEstamos Aqui para Ajudar! Tem d\u00favidas, precisa de um or\u00e7amento ou quer entender qual \u00e9 o box ideal para voc\u00ea? Preencha o formul\u00e1rio abaixo ou fale conosco por telefone, WhatsApp ou e-mail. Vamos encontrar a solu\u00e7\u00e3o&#8230;<\/p>\n","protected":false},"author":1,"featured_media":0,"parent":0,"menu_order":2,"comment_status":"closed","ping_status":"closed","template":"page-full-width","meta":{"footnotes":""},"class_list":["post-104","page","type-page","status-publish","hentry"],"_links":{"self":[{"href":"https:\/\/guardamaisbarueri.com.br\/index.php?rest_route=\/wp\/v2\/pages\/104","targetHints":{"allow":["GET"]}}],"collection":[{"href":"https:\/\/guardamaisbarueri.com.br\/index.php?rest_route=\/wp\/v2\/pages"}],"about":[{"href":"https:\/\/guardamaisbarueri.com.br\/index.php?rest_route=\/wp\/v2\/types\/page"}],"author":[{"embeddable":true,"href":"https:\/\/guardamaisbarueri.com.br\/index.php?rest_route=\/wp\/v2\/users\/1"}],"replies":[{"embeddable":true,"href":"https:\/\/guardamaisbarueri.com.br\/index.php?rest_route=%2Fwp%2Fv2%2Fcomments&post=104"}],"version-history":[{"count":13,"href":"https:\/\/guardamaisbarueri.com.br\/index.php?rest_route=\/wp\/v2\/pages\/104\/revisions"}],"predecessor-version":[{"id":173,"href":"https:\/\/guardamaisbarueri.com.br\/index.php?rest_route=\/wp\/v2\/pages\/104\/revisions\/173"}],"wp:attachment":[{"href":"https:\/\/guardamaisbarueri.com.br\/index.php?rest_route=%2Fwp%2Fv2%2Fmedia&parent=104"}],"curies":[{"name":"wp","href":"https:\/\/api.w.org\/{rel}","templated":true}]}}